{"id":29166,"date":"2025-08-15T09:07:50","date_gmt":"2025-08-15T09:07:50","guid":{"rendered":"http:\/\/anforging.com\/?page_id=29166"},"modified":"2026-02-25T08:00:14","modified_gmt":"2026-02-25T08:00:14","slug":"materials","status":"publish","type":"page","link":"https:\/\/anforging.com\/ar\/materials\/","title":{"rendered":"\u0627\u0644\u0645\u0648\u0627\u062f"},"content":{"rendered":"<div data-elementor-type=\"wp-page\" data-elementor-id=\"29166\" class=\"elementor elementor-29166\" data-elementor-post-type=\"page\">\n\t\t\t\t<div class=\"elementor-element elementor-element-b7fb239 e-con-full wd-section-stretch e-flex e-con e-parent\" data-id=\"b7fb239\" data-element_type=\"container\" data-settings=\"{&quot;background_background&quot;:&quot;classic&quot;}\">\n\t\t\t\t<div class=\"elementor-element elementor-element-81d890e wd-width-100 elementor-widget elementor-widget-wd_title\" data-id=\"81d890e\" data-element_type=\"widget\" data-widget_type=\"wd_title.default\">\n\t\t\t\t<div class=\"elementor-widget-container\">\n\t\t\t\t\t\t\t<div class=\"title-wrapper wd-set-mb reset-last-child wd-title-color-default wd-title-style-default wd-title-size-large text-center\">\n\n\t\t\t\n\t\t\t<div class=\"liner-continer\">\n\t\t\t\t<h1 class=\"woodmart-title-container title wd-fontsize-xxl\">\u0627\u0644\u0645\u0648\u0627\u062f<\/h1> \n\t\t\t\t\t\t\t<\/div>\n\n\t\t\t\t\t\t\t<div class=\"title-after_title reset-last-child wd-fontsize-s\">\n\t\t\t\t\t<p>\u00a0<\/p>\u00a0\t\t\t\t<\/div>\n\t\t\t\t\t<\/div>\n\t\t\t\t\t\t<\/div>\n\t\t\t\t<\/div>\n\t\t\t\t<\/div>\n\t\t<div class=\"elementor-element elementor-element-81566ff e-flex e-con-boxed e-con e-parent\" data-id=\"81566ff\" data-element_type=\"container\" data-settings=\"{&quot;background_background&quot;:&quot;classic&quot;}\">\n\t\t\t\t\t<div class=\"e-con-inner\">\n\t\t\t\t<div class=\"elementor-element elementor-element-9eece33 elementor-widget elementor-widget-heading\" data-id=\"9eece33\" data-element_type=\"widget\" data-widget_type=\"heading.default\">\n\t\t\t\t\t<h2 class=\"elementor-heading-title elementor-size-default\">\n\n\u062a\u0637\u0648\u064a\u0631 \u0645\u0648\u0627\u062f \u062a\u0632\u0648\u064a\u0631 \u062c\u062f\u064a\u062f\u0629<\/h2>\t\t\t\t<\/div>\n\t\t\t\t<div class=\"elementor-element elementor-element-2adf9d6 elementor-widget elementor-widget-html\" data-id=\"2adf9d6\" data-element_type=\"widget\" data-widget_type=\"html.default\">\n\t\t\t\t\t<table style=\"width:100%; border: 1px solid #ddd; border-collapse: collapse; font-family: Arial, sans-serif; color: #333;\">\r\n  <thead>\r\n    <tr>\r\n      <th style=\"background-color: #2c3e50; color: white; padding: 12px 15px; text-align: left; border: 1px solid #ddd;\">\u0646\u0648\u0639 \u0627\u0644\u0645\u0627\u062f\u0629<\/th>\r\n      <th style=\"background-color: #2c3e50; color: white; padding: 12px 15px; text-align: left; border: 1px solid #ddd;\">\u062f\u0631\u062c\u0627\u062a \u0627\u0644\u0645\u0648\u0627\u062f<\/th>\r\n    <\/tr>\r\n  <\/thead>\r\n  <tbody>\r\n    <tr>\r\n      <td style=\"padding: 12px 15px; border: 1px solid #ddd;\">\u0627\u0644\u0633\u0628\u0627\u0626\u0643 \u0630\u0627\u062a \u062f\u0631\u062c\u0629 \u0627\u0644\u062d\u0631\u0627\u0631\u0629 \u0627\u0644\u0639\u0627\u0644\u064a\u0629<\/td>\r\n      <td style=\"padding: 12px 15px; border: 1px solid #ddd;\">GH303030\u060c GH3044\u060c GH2036\u060c GH536\u060c GH150\u060c GH4133\u060c GH2132\u060c GH202\u060c GH4169\u060c GH80A\u060c GH761\u060c GH901\u060c GH701\u060c GH701\u060c GH706\u060c GH907\u060c GH163\u060c GH188\u060c GH605\u060c GH141\u060c GH708\u060c GH648\u060c GH698 GH2150, GH696, GH783, GH783, Incoel718, Incoel625, C263, GH4065A, GH4169G, GH4169G, GH909, GH378, U720Li, GH4169D, GH4169D, GH4145, GH3230, GH4742, GH4065A, GH4251, GH4198, GH4586..<\/td>\r\n    <\/tr>\r\n    <tr>\r\n      <td style=\"padding: 12px 15px; border: 1px solid #ddd;\">\u0633\u0628\u0627\u0626\u0643 \u0627\u0644\u0645\u0633\u0627\u062d\u064a\u0642 \u0627\u0644\u0645\u0639\u062f\u0646\u064a\u0629<\/td>\r\n      <td style=\"padding: 12px 15px; border: 1px solid #ddd;\">\u0641\u063a96\u060c \u0641\u063a99\u060c \u0641\u063a101<\/td>\r\n    <\/tr>\r\n    <tr>\r\n      <td style=\"padding: 12px 15px; border: 1px solid #ddd;\">\u0633\u0628\u0627\u0626\u0643 \u0627\u0644\u062d\u062f\u064a\u062f<\/td>\r\n      <td style=\"padding: 12px 15px; border: 1px solid #ddd;\">TA2\u060c TA12A\u060c TA12A\u060c TA15\u060c TA19\u060c TC1\u060c TC2\u060c TC4\u060c TC4 \u0648 TC4* (\u062f\u0631\u062c\u0629 \u062e\u0627\u0635\u0629)\u060c TC6\u060c TC8\u060c TC11\u060c TC17\u060c TC18\u060c TC19\u060c TC21\u060c TC27\u060c BT25\u060c Ti250\u060c Ti250\u060c Ti300\u060c Ti400\u060c Ti450\u060c Ti500\u060c Ti550\u060c Ti550\u060c Ti60\u060c Ti1023\u060c Ti1033\u060c Ti1300\u060c TC8-1\u060c Ti150\u060c Ti180\u060c Ti175...<\/td>\r\n    <\/tr>\r\n    <tr>\r\n      <td style=\"padding: 12px 15px; border: 1px solid #ddd;\">\u0641\u0648\u0644\u0627\u0630 \u062e\u0627\u0635<\/td>\r\n      <td style=\"padding: 12px 15px; border: 1px solid #ddd;\">300M\u060c AerMet100\u060c 1Cr11Ni2WMoVNb\u060c 0Cr11Ni2MoVNb\u060c 1Cr18Ni9Ti\u060c 40CrNiMoA\u060c 42CrMo\u060c S\/SJ2\u060c S\/SAV\u060c S\/STV\u060c C250\u060c C300\u060c C300\u060c 6308\u060c D406A\u060c 40CrNi2MoE\u060c 15CrMo\u060c \u0645\u0648\u0646\u064a\u0644 K500\u060c C61 ...<\/td>\r\n    <\/tr>\r\n  <\/tbody>\r\n<\/table>\t\t\t\t<\/div>\n\t\t\t\t\t<\/div>\n\t\t\t\t<\/div>\n\t\t<div class=\"elementor-element elementor-element-ff82029 wd-section-stretch e-flex e-con-boxed e-con e-parent\" data-id=\"ff82029\" data-element_type=\"container\" data-settings=\"{&quot;background_background&quot;:&quot;classic&quot;}\">\n\t\t\t\t\t<div class=\"e-con-inner\">\n\t\t\t\t<div class=\"elementor-element elementor-element-3dc70fb e-n-tabs-mobile elementor-widget elementor-widget-n-tabs\" data-id=\"3dc70fb\" data-element_type=\"widget\" data-widget_type=\"nested-tabs.default\">\n\t\t\t\t\t\t\t<div class=\"e-n-tabs\" data-widget-number=\"64778491\" aria-label=\"Onglets. Ouvrez des \u00e9l\u00e9ments avec Enter ou Space, fermez-les avec Escape et naviguez \u00e0 l&#039;aide des touches fl\u00e9ch\u00e9es.\" data-no-translation-aria-label=\"\">\n\t\t\t<div class=\"e-n-tabs-heading\" role=\"tablist\">\n\t\t\t\t\t<button id=\"e-n-tab-title-647784911\" class=\"e-n-tab-title\" aria-selected=\"true\" data-tab-index=\"1\" role=\"tab\" tabindex=\"0\" aria-controls=\"e-n-tab-content-647784911\" style=\"--n-tabs-title-order: 1;\">\n\t\t\t\t\t\t<span class=\"e-n-tab-title-text\">\n\t\t\t\t\u0627\u0644\u0637\u064a\u0631\u0627\u0646 \u0648\u0627\u0644\u0641\u0636\u0627\u0621\t\t\t<\/span>\n\t\t<\/button>\n\t\t\t\t<button id=\"e-n-tab-title-647784912\" class=\"e-n-tab-title\" aria-selected=\"false\" data-tab-index=\"2\" role=\"tab\" tabindex=\"-1\" aria-controls=\"e-n-tab-content-647784912\" style=\"--n-tabs-title-order: 2;\">\n\t\t\t\t\t\t<span class=\"e-n-tab-title-text\">\n\t\t\t\t\u0639\u062c\u0644\u0627\u062a \u0627\u0644\u062a\u0648\u0631\u0628\u064a\u0646\u0627\u062a \u0627\u0644\u063a\u0627\u0632\u064a\u0629\t\t\t<\/span>\n\t\t<\/button>\n\t\t\t\t<button id=\"e-n-tab-title-647784913\" class=\"e-n-tab-title\" aria-selected=\"false\" data-tab-index=\"3\" role=\"tab\" tabindex=\"-1\" aria-controls=\"e-n-tab-content-647784913\" style=\"--n-tabs-title-order: 3;\">\n\t\t\t\t\t\t<span class=\"e-n-tab-title-text\">\n\t\t\t\t\u0645\u062c\u0627\u0644 \u0627\u0644\u0637\u0627\u0642\u0629 \u0627\u0644\u0646\u0648\u0648\u064a\u0629\t\t\t<\/span>\n\t\t<\/button>\n\t\t\t\t<button id=\"e-n-tab-title-647784914\" class=\"e-n-tab-title\" aria-selected=\"false\" data-tab-index=\"4\" role=\"tab\" tabindex=\"-1\" aria-controls=\"e-n-tab-content-647784914\" style=\"--n-tabs-title-order: 4;\">\n\t\t\t\t\t\t<span class=\"e-n-tab-title-text\">\n\t\t\t\t\u0627\u0644\u0628\u062d\u0631\u064a\u0629 \u0648\u0623\u0639\u0645\u0627\u0642 \u0627\u0644\u0628\u062d\u0627\u0631\t\t\t<\/span>\n\t\t<\/button>\n\t\t\t\t\t<\/div>\n\t\t\t<div class=\"e-n-tabs-content\">\n\t\t\t\t<div id=\"e-n-tab-content-647784911\" role=\"tabpanel\" aria-labelledby=\"e-n-tab-title-647784911\" data-tab-index=\"1\" style=\"--n-tabs-title-order: 1;\" class=\"e-active elementor-element elementor-element-554cab2 e-con-full e-flex e-con e-child\" data-id=\"554cab2\" data-element_type=\"container\">\n\t\t<div class=\"wd-negative-gap elementor-element elementor-element-ca18074 e-flex e-con-boxed e-con e-child\" data-id=\"ca18074\" data-element_type=\"container\">\n\t\t\t\t\t<div class=\"e-con-inner\">\n\t\t\t\t<div class=\"elementor-element elementor-element-8445a3c elementor-widget__width-initial elementor-widget elementor-widget-wd_text_block\" data-id=\"8445a3c\" data-element_type=\"widget\" data-widget_type=\"wd_text_block.default\">\n\t\t\t\t<div class=\"elementor-widget-container\">\n\t\t\t\t\t\t\t<div class=\"wd-text-block reset-last-child text-left\">\n\t\t\t\n\t\t\t<table><tbody><tr><td><p><strong><b>\u0646\u0648\u0639 \u0627\u0644\u0645\u0627\u062f\u0629<\/b><\/strong><\/p><\/td><td width=\"411\"><p><strong><b>\u0627\u0644\u062f\u0631\u062c\u0627\u062a<\/b><\/strong><\/p><\/td><\/tr><tr><td><p>\u0627\u0644\u0633\u0628\u0627\u0626\u0643 \u0630\u0627\u062a \u062f\u0631\u062c\u0629 \u0627\u0644\u062d\u0631\u0627\u0631\u0629 \u0627\u0644\u0639\u0627\u0644\u064a\u0629<\/p><\/td><td width=\"411\"><p>GH1015\u060c GH1016\u060c GH2036\u060c GH2132\u060c GH2135\u060c GH2036<br \/>GH2136\u060c GH3030\u060c GH3039\u060c GH3044<br \/>GH3128, GH3337, GH4099, GH4169, GH4145<br \/>GH4133 (GH4133B)\u060c GH4146\u060c GH4698\u060c GH605<br \/>GH4090\u060c GH4145\u060c GH4145\u060c GH4099\u060c GH728\u060c GH733\u060c U720Li<br \/>GH4199\u060c GH99\u060c \u0625\u0644\u062e.<\/p><\/td><\/tr><tr><td><p>\u0633\u0628\u0627\u0626\u0643 \u0627\u0644\u0645\u0633\u0627\u062d\u064a\u0642 \u0627\u0644\u0645\u0639\u062f\u0646\u064a\u0629<\/p><\/td><td width=\"411\"><p>FHH96,FG99,FG101<\/p><\/td><\/tr><tr><td><p>\u0633\u0628\u0627\u0626\u0643 \u0627\u0644\u062a\u064a\u062a\u0627\u0646\u064a\u0648\u0645<\/p><\/td><td width=\"411\"><p>TC1 \u0648TC2 \u0648TC4 \u0648TA1 \u0648TA9 \u0648TB8 \u0648TC11 \u0648TC17 \u0648TGR \u0648TCB \u0648TC19 \u0648TC27<br \/>TA15\u060c TA16\u060c Ti60\u060c Ti62A\u060c TCH2\u060c TCA\u060c TA - DTi\u060c T55531<br \/>T55511\u060c T1100\u060c T10102\u060c SC11 \uff0c \u0625\u0644\u062e.<\/p><\/td><\/tr><tr><td><p>\u0627\u0644\u0641\u0648\u0644\u0627\u0630 \u0627\u0644\u0645\u0642\u0627\u0648\u0645 \u0644\u0644\u0635\u062f\u0623 \u0648\u0627\u0644\u0641\u0648\u0644\u0627\u0630 \u0627\u0644\u0645\u0642\u0627\u0648\u0645 \u0644\u0644\u062d\u0631\u0627\u0631\u0629<\/p><\/td><td width=\"411\"><p>30CrCrMnSiA\u060c AerMet100\u060c 1Cr11Ni2W2MoV\u060c 05Cr11Ni2MoVNb,<br \/>1Cr12Ni12Ni2WMoVNb\u060c 4Cr12Ni8MnSi\u060c 40Cr12Ni2Si2MoVNb\u060c 4Cr12Ni8MnSi\u060c 40CrNi2Si2MoVA,<br \/>15Cr14Co14Co12Mo5Ni\u060c 4004\u060c 4Cr12Ni9W2\u060c \u0625\u0644\u062e.<\/p><\/td><\/tr><\/tbody><\/table>\n\t\t\t\t\t<\/div>\n\t\t\t\t\t\t<\/div>\n\t\t\t\t<\/div>\n\t\t\t\t\t<\/div>\n\t\t\t\t<\/div>\n\t\t\t\t<\/div>\n\t\t<div id=\"e-n-tab-content-647784912\" role=\"tabpanel\" aria-labelledby=\"e-n-tab-title-647784912\" data-tab-index=\"2\" style=\"--n-tabs-title-order: 2;\" class=\"elementor-element elementor-element-ec507ca e-con-full e-flex e-con e-child\" data-id=\"ec507ca\" data-element_type=\"container\">\n\t\t<div class=\"wd-negative-gap elementor-element elementor-element-a0841a6 e-flex e-con-boxed e-con e-child\" data-id=\"a0841a6\" data-element_type=\"container\">\n\t\t\t\t\t<div class=\"e-con-inner\">\n\t\t\t\t<div class=\"elementor-element elementor-element-bc557e7 elementor-widget__width-initial elementor-widget elementor-widget-wd_text_block\" data-id=\"bc557e7\" data-element_type=\"widget\" data-widget_type=\"wd_text_block.default\">\n\t\t\t\t<div class=\"elementor-widget-container\">\n\t\t\t\t\t\t\t<div class=\"wd-text-block reset-last-child text-left\">\n\t\t\t\n\t\t\t<table style=\"height: 209px;\" width=\"759\"><thead><tr><th>\u0646\u0648\u0639 \u0627\u0644\u0645\u0627\u062f\u0629<\/th><th>\u0627\u0644\u062f\u0631\u062c\u0627\u062a<\/th><\/tr><\/thead><tbody><tr><td>\u0627\u0644\u0633\u0628\u0627\u0626\u0643 \u0630\u0627\u062a \u062f\u0631\u062c\u0629 \u0627\u0644\u062d\u0631\u0627\u0631\u0629 \u0627\u0644\u0639\u0627\u0644\u064a\u0629<\/td><td>gh4169 \u3001gh907 \u3001gh738<br \/>GH3030\u3001GH3536\u3001GH3123\u3001GH3600\u3001GH3625\u3001GH4698\u3001<\/td><\/tr><tr><td>\u0633\u0628\u0627\u0626\u0643 \u0627\u0644\u0645\u0633\u0627\u062d\u064a\u0642 \u0627\u0644\u0645\u0639\u062f\u0646\u064a\u0629<\/td><td>FGH95\u3001FGH4095<\/td><\/tr><tr><td>\u0633\u0628\u0627\u0626\u0643 \u0627\u0644\u062a\u064a\u062a\u0627\u0646\u064a\u0648\u0645<\/td><td>TC4\u3001TC11\u3001TC18\u3001TC17<\/td><\/tr><tr><td>\u0627\u0644\u0641\u0648\u0644\u0627\u0630 \u0627\u0644\u0645\u0642\u0627\u0648\u0645 \u0644\u0644\u0635\u062f\u0623 \u0648\u0627\u0644\u0641\u0648\u0644\u0627\u0630 \u0627\u0644\u0645\u0642\u0627\u0648\u0645 \u0644\u0644\u062d\u0631\u0627\u0631\u0629<\/td><td>1Cr18Ni9Ti\u300112Cr1MoV\u300120Cr12NiMo\u3001<br \/>0Cr17Ni4Cu4Nb\u30011Cr12Ni3MoVNetc.<\/td><\/tr><tr><td>\u00a0<\/td><td>\u00a0<\/td><\/tr><\/tbody><\/table>\n\t\t\t\t\t<\/div>\n\t\t\t\t\t\t<\/div>\n\t\t\t\t<\/div>\n\t\t\t\t\t<\/div>\n\t\t\t\t<\/div>\n\t\t\t\t<\/div>\n\t\t<div id=\"e-n-tab-content-647784913\" role=\"tabpanel\" aria-labelledby=\"e-n-tab-title-647784913\" data-tab-index=\"3\" style=\"--n-tabs-title-order: 3;\" class=\"elementor-element elementor-element-44116f0 e-con-full e-flex e-con e-child\" data-id=\"44116f0\" data-element_type=\"container\">\n\t\t<div class=\"wd-negative-gap elementor-element elementor-element-9ce65d2 e-flex e-con-boxed e-con e-child\" data-id=\"9ce65d2\" data-element_type=\"container\">\n\t\t\t\t\t<div class=\"e-con-inner\">\n\t\t\t\t<div class=\"elementor-element elementor-element-ee2d503 elementor-widget__width-initial elementor-widget elementor-widget-wd_text_block\" data-id=\"ee2d503\" data-element_type=\"widget\" data-widget_type=\"wd_text_block.default\">\n\t\t\t\t<div class=\"elementor-widget-container\">\n\t\t\t\t\t\t\t<div class=\"wd-text-block reset-last-child text-left\">\n\t\t\t\n\t\t\t<table><tbody><tr><td><p><strong><b>\u0646\u0648\u0639 \u0627\u0644\u0645\u0627\u062f\u0629<\/b><\/strong><\/p><\/td><td><p><strong><b>\u0627\u0644\u062f\u0631\u062c\u0627\u062a<\/b><\/strong><\/p><\/td><\/tr><tr><td><p>\u0627\u0644\u0633\u0628\u0627\u0626\u0643 \u0630\u0627\u062a \u062f\u0631\u062c\u0629 \u0627\u0644\u062d\u0631\u0627\u0631\u0629 \u0627\u0644\u0639\u0627\u0644\u064a\u0629<\/p><\/td><td><p>GH2132 \u3001 GH4169 \u3001 GH2132 \u3001 GH4169 \u3001 \u0625\u0644\u062e.<\/p><\/td><\/tr><tr><td><p>\u0633\u0628\u0627\u0626\u0643 \u0627\u0644\u0645\u0633\u0627\u062d\u064a\u0642 \u0627\u0644\u0645\u0639\u062f\u0646\u064a\u0629<\/p><\/td><td><p>FHH96,FG99,FG101<\/p><\/td><\/tr><tr><td><p>\u0627\u0644\u0641\u0648\u0644\u0627\u0630 \u0627\u0644\u0645\u0642\u0627\u0648\u0645 \u0644\u0644\u0635\u062f\u0623 \u0648\u0627\u0644\u0641\u0648\u0644\u0627\u0630 \u0627\u0644\u0645\u0642\u0627\u0648\u0645 \u0644\u0644\u062d\u0631\u0627\u0631\u0629<\/p><\/td><td><p>1Cr18Ni9Ti\u30011Cr12Ni3MoVN\u300110Cr9MoWVNbBN\u300110Cr9Mo1VNb \u300120MnMoNi55\u300116MnD\u3001SA508-III\u3001S32168\u3001S34779. etc.\u00a0<\/p><\/td><\/tr><\/tbody><\/table>\n\t\t\t\t\t<\/div>\n\t\t\t\t\t\t<\/div>\n\t\t\t\t<\/div>\n\t\t\t\t\t<\/div>\n\t\t\t\t<\/div>\n\t\t\t\t<\/div>\n\t\t<div class=\"wd-negative-gap  elementor-element elementor-element-f04c56c e-flex e-con-boxed e-con e-child\" id=\"e-n-tab-content-647784914\" role=\"tabpanel\" aria-labelledby=\"e-n-tab-title-647784914\" data-tab-index=\"4\" style=\"--n-tabs-title-order: 4;\" data-id=\"f04c56c\" data-element_type=\"container\">\n\t\t\t\t\t<div class=\"e-con-inner\">\n\t\t<div class=\"elementor-element elementor-element-5b6c723 e-con-full e-flex e-con e-child\" data-id=\"5b6c723\" data-element_type=\"container\">\n\t\t\t\t<div class=\"elementor-element elementor-element-8cc70ef elementor-widget elementor-widget-wd_text_block\" data-id=\"8cc70ef\" data-element_type=\"widget\" data-widget_type=\"wd_text_block.default\">\n\t\t\t\t<div class=\"elementor-widget-container\">\n\t\t\t\t\t\t\t<div class=\"wd-text-block reset-last-child text-left\">\n\t\t\t\n\t\t\t<table><tbody><tr><td><p><strong><b>\u0646\u0648\u0639 \u0627\u0644\u0645\u0627\u062f\u0629<\/b><\/strong><\/p><\/td><td><p><strong><b>\u0627\u0644\u062f\u0631\u062c\u0627\u062a<\/b><\/strong><\/p><\/td><\/tr><tr><td><p>\u0633\u0628\u0627\u0626\u0643 \u0627\u0644\u0645\u0633\u0627\u062d\u064a\u0642 \u0627\u0644\u0645\u0639\u062f\u0646\u064a\u0629<\/p><\/td><td><p>FHH96,FG99,FG101<\/p><\/td><\/tr><tr><td><p>\u0633\u0628\u0627\u0626\u0643 \u0627\u0644\u062a\u064a\u062a\u0627\u0646\u064a\u0648\u0645<\/p><\/td><td><p>Ti-6Al-4V\u3001Ti-6Al-2Sn-4Zr-6Mo\u3001TA15\u3001TB6\u3001TC11\u3001etc.<\/p><\/td><\/tr><tr><td><p>\u0627\u0644\u0641\u0648\u0644\u0627\u0630 \u0627\u0644\u0645\u0642\u0627\u0648\u0645 \u0644\u0644\u0635\u062f\u0623 \u0648\u0627\u0644\u0641\u0648\u0644\u0627\u0630 \u0627\u0644\u0645\u0642\u0627\u0648\u0645 \u0644\u0644\u062d\u0631\u0627\u0631\u0629<\/p><\/td><td><p>S31608\u300100Cr22Ni5Mo3N, CF-3\u3001CF-8\u3001ZGCuNiAl\u3002etc.<\/p><\/td><\/tr><\/tbody><\/table>\n\t\t\t\t\t<\/div>\n\t\t\t\t\t\t<\/div>\n\t\t\t\t<\/div>\n\t\t\t\t<\/div>\n\t\t\t\t\t<\/div>\n\t\t\t\t<\/div>\n\t\t\t\t\t<\/div>\n\t\t<\/div>\n\t\t\t\t\t\t<\/div>\n\t\t\t\t\t<\/div>\n\t\t\t\t<\/div>\n\t\t\t\t<\/div>","protected":false},"excerpt":{"rendered":"<p>MATERIALS \u00a0 \u00a0 Development of New Forging Materials Material Type Material Grades High-Temperature Alloys GH3030, GH3044, GH2036, GH536, GH150, GH4133,<\/p>","protected":false},"author":1,"featured_media":0,"parent":0,"menu_order":0,"comment_status":"closed","ping_status":"closed","template":"","meta":{"footnotes":""},"class_list":["post-29166","page","type-page","status-publish","hentry"],"yoast_head":"<!-- This site is optimized with the Yoast SEO plugin v25.9 - https:\/\/yoast.com\/wordpress\/plugins\/seo\/ -->\n<title>Materials - AnForging<\/title>\n<meta name=\"robots\" content=\"index, follow, max-snippet:-1, max-image-preview:large, max-video-preview:-1\" \/>\n<link rel=\"canonical\" href=\"https:\/\/anforging.com\/ar\/materials\/\" \/>\n<meta property=\"og:locale\" content=\"ar_AR\" \/>\n<meta property=\"og:type\" content=\"article\" \/>\n<meta property=\"og:title\" content=\"Materials - AnForging\" \/>\n<meta property=\"og:description\" content=\"MATERIALS \u00a0 \u00a0 Development of New Forging Materials Material Type Material Grades High-Temperature Alloys GH3030, GH3044, GH2036, GH536, GH150, GH4133,\" \/>\n<meta property=\"og:url\" content=\"https:\/\/anforging.com\/ar\/materials\/\" \/>\n<meta property=\"og:site_name\" content=\"AnForging\" \/>\n<meta property=\"article:modified_time\" content=\"2026-02-25T08:00:14+00:00\" \/>\n<meta name=\"twitter:card\" content=\"summary_large_image\" \/>\n<meta name=\"twitter:label1\" content=\"\u0648\u0642\u062a \u0627\u0644\u0642\u0631\u0627\u0621\u0629 \u0627\u0644\u0645\u064f\u0642\u062f\u0651\u0631\" \/>\n\t<meta name=\"twitter:data1\" content=\"1 minute\" \/>\n<script type=\"application\/ld+json\" class=\"yoast-schema-graph\">{\"@context\":\"https:\/\/schema.org\",\"@graph\":[{\"@type\":\"WebPage\",\"@id\":\"https:\/\/anforging.com\/materials\/\",\"url\":\"https:\/\/anforging.com\/materials\/\",\"name\":\"Materials - AnForging\",\"isPartOf\":{\"@id\":\"https:\/\/anforging.com\/pt\/#website\"},\"datePublished\":\"2025-08-15T09:07:50+00:00\",\"dateModified\":\"2026-02-25T08:00:14+00:00\",\"breadcrumb\":{\"@id\":\"https:\/\/anforging.com\/materials\/#breadcrumb\"},\"inLanguage\":\"ar\",\"potentialAction\":[{\"@type\":\"ReadAction\",\"target\":[\"https:\/\/anforging.com\/materials\/\"]}]},{\"@type\":\"BreadcrumbList\",\"@id\":\"https:\/\/anforging.com\/materials\/#breadcrumb\",\"itemListElement\":[{\"@type\":\"ListItem\",\"position\":1,\"name\":\"Home\",\"item\":\"https:\/\/anforging.com\/\"},{\"@type\":\"ListItem\",\"position\":2,\"name\":\"Materials\"}]},{\"@type\":\"WebSite\",\"@id\":\"https:\/\/anforging.com\/pt\/#website\",\"url\":\"https:\/\/anforging.com\/pt\/\",\"name\":\"AnForging\",\"description\":\"\",\"potentialAction\":[{\"@type\":\"SearchAction\",\"target\":{\"@type\":\"EntryPoint\",\"urlTemplate\":\"https:\/\/anforging.com\/pt\/?s={search_term_string}\"},\"query-input\":{\"@type\":\"PropertyValueSpecification\",\"valueRequired\":true,\"valueName\":\"search_term_string\"}}],\"inLanguage\":\"ar\"}]}<\/script>\n<!-- \/ Yoast SEO plugin. -->","yoast_head_json":{"title":"Materials - AnForging","robots":{"index":"index","follow":"follow","max-snippet":"max-snippet:-1","max-image-preview":"max-image-preview:large","max-video-preview":"max-video-preview:-1"},"canonical":"https:\/\/anforging.com\/ar\/materials\/","og_locale":"ar_AR","og_type":"article","og_title":"Materials - AnForging","og_description":"MATERIALS \u00a0 \u00a0 Development of New Forging Materials Material Type Material Grades High-Temperature Alloys GH3030, GH3044, GH2036, GH536, GH150, GH4133,","og_url":"https:\/\/anforging.com\/ar\/materials\/","og_site_name":"AnForging","article_modified_time":"2026-02-25T08:00:14+00:00","twitter_card":"summary_large_image","twitter_misc":{"\u0648\u0642\u062a \u0627\u0644\u0642\u0631\u0627\u0621\u0629 \u0627\u0644\u0645\u064f\u0642\u062f\u0651\u0631":"1 minute"},"schema":{"@context":"https:\/\/schema.org","@graph":[{"@type":"WebPage","@id":"https:\/\/anforging.com\/materials\/","url":"https:\/\/anforging.com\/materials\/","name":"Materials - AnForging","isPartOf":{"@id":"https:\/\/anforging.com\/pt\/#website"},"datePublished":"2025-08-15T09:07:50+00:00","dateModified":"2026-02-25T08:00:14+00:00","breadcrumb":{"@id":"https:\/\/anforging.com\/materials\/#breadcrumb"},"inLanguage":"ar","potentialAction":[{"@type":"ReadAction","target":["https:\/\/anforging.com\/materials\/"]}]},{"@type":"BreadcrumbList","@id":"https:\/\/anforging.com\/materials\/#breadcrumb","itemListElement":[{"@type":"ListItem","position":1,"name":"Home","item":"https:\/\/anforging.com\/"},{"@type":"ListItem","position":2,"name":"Materials"}]},{"@type":"WebSite","@id":"https:\/\/anforging.com\/pt\/#website","url":"https:\/\/anforging.com\/pt\/","name":"\u0627\u0644\u062a\u0632\u0648\u064a\u0631","description":"","potentialAction":[{"@type":"SearchAction","target":{"@type":"EntryPoint","urlTemplate":"https:\/\/anforging.com\/pt\/?s={search_term_string}"},"query-input":{"@type":"PropertyValueSpecification","valueRequired":true,"valueName":"search_term_string"}}],"inLanguage":"ar"}]}},"_links":{"self":[{"href":"https:\/\/anforging.com\/ar\/wp-json\/wp\/v2\/pages\/29166","targetHints":{"allow":["GET"]}}],"collection":[{"href":"https:\/\/anforging.com\/ar\/wp-json\/wp\/v2\/pages"}],"about":[{"href":"https:\/\/anforging.com\/ar\/wp-json\/wp\/v2\/types\/page"}],"author":[{"embeddable":true,"href":"https:\/\/anforging.com\/ar\/wp-json\/wp\/v2\/users\/1"}],"replies":[{"embeddable":true,"href":"https:\/\/anforging.com\/ar\/wp-json\/wp\/v2\/comments?post=29166"}],"version-history":[{"count":39,"href":"https:\/\/anforging.com\/ar\/wp-json\/wp\/v2\/pages\/29166\/revisions"}],"predecessor-version":[{"id":29666,"href":"https:\/\/anforging.com\/ar\/wp-json\/wp\/v2\/pages\/29166\/revisions\/29666"}],"wp:attachment":[{"href":"https:\/\/anforging.com\/ar\/wp-json\/wp\/v2\/media?parent=29166"}],"curies":[{"name":"\u062f\u0628\u0644\u064a\u0648 \u0628\u064a","href":"https:\/\/api.w.org\/{rel}","templated":true}]}}