{"id":29166,"date":"2025-08-15T09:07:50","date_gmt":"2025-08-15T09:07:50","guid":{"rendered":"http:\/\/anforging.com\/?page_id=29166"},"modified":"2026-02-25T08:00:14","modified_gmt":"2026-02-25T08:00:14","slug":"materials","status":"publish","type":"page","link":"https:\/\/anforging.com\/it\/materials\/","title":{"rendered":"I materiali"},"content":{"rendered":"<div data-elementor-type=\"wp-page\" data-elementor-id=\"29166\" class=\"elementor elementor-29166\" data-elementor-post-type=\"page\">\n\t\t\t\t<div class=\"elementor-element elementor-element-b7fb239 e-con-full wd-section-stretch e-flex e-con e-parent\" data-id=\"b7fb239\" data-element_type=\"container\" data-settings=\"{&quot;background_background&quot;:&quot;classic&quot;}\">\n\t\t\t\t<div class=\"elementor-element elementor-element-81d890e wd-width-100 elementor-widget elementor-widget-wd_title\" data-id=\"81d890e\" data-element_type=\"widget\" data-widget_type=\"wd_title.default\">\n\t\t\t\t<div class=\"elementor-widget-container\">\n\t\t\t\t\t\t\t<div class=\"title-wrapper wd-set-mb reset-last-child wd-title-color-default wd-title-style-default wd-title-size-large text-center\">\n\n\t\t\t\n\t\t\t<div class=\"liner-continer\">\n\t\t\t\t<h1 class=\"woodmart-title-container title wd-fontsize-xxl\">MATERIALI<\/h1> \n\t\t\t\t\t\t\t<\/div>\n\n\t\t\t\t\t\t\t<div class=\"title-after_title reset-last-child wd-fontsize-s\">\n\t\t\t\t\t<p>\u00a0<\/p>\u00a0\t\t\t\t<\/div>\n\t\t\t\t\t<\/div>\n\t\t\t\t\t\t<\/div>\n\t\t\t\t<\/div>\n\t\t\t\t<\/div>\n\t\t<div class=\"elementor-element elementor-element-81566ff e-flex e-con-boxed e-con e-parent\" data-id=\"81566ff\" data-element_type=\"container\" data-settings=\"{&quot;background_background&quot;:&quot;classic&quot;}\">\n\t\t\t\t\t<div class=\"e-con-inner\">\n\t\t\t\t<div class=\"elementor-element elementor-element-9eece33 elementor-widget elementor-widget-heading\" data-id=\"9eece33\" data-element_type=\"widget\" data-widget_type=\"heading.default\">\n\t\t\t\t\t<h2 class=\"elementor-heading-title elementor-size-default\">\n\nSviluppo di nuovi materiali per la forgiatura<\/h2>\t\t\t\t<\/div>\n\t\t\t\t<div class=\"elementor-element elementor-element-2adf9d6 elementor-widget elementor-widget-html\" data-id=\"2adf9d6\" data-element_type=\"widget\" data-widget_type=\"html.default\">\n\t\t\t\t\t<table style=\"width:100%; border: 1px solid #ddd; border-collapse: collapse; font-family: Arial, sans-serif; color: #333;\">\r\n  <thead>\r\n    <tr>\r\n      <th style=\"background-color: #2c3e50; color: white; padding: 12px 15px; text-align: left; border: 1px solid #ddd;\">Tipo di materiale<\/th>\r\n      <th style=\"background-color: #2c3e50; color: white; padding: 12px 15px; text-align: left; border: 1px solid #ddd;\">Gradi del materiale<\/th>\r\n    <\/tr>\r\n  <\/thead>\r\n  <tbody>\r\n    <tr>\r\n      <td style=\"padding: 12px 15px; border: 1px solid #ddd;\">Leghe per alte temperature<\/td>\r\n      <td style=\"padding: 12px 15px; border: 1px solid #ddd;\">GH3030, GH3044, GH2036, GH536, GH150, GH4133, GH2132, GH202, GH4169, GH80A, GH761, GH901, GH701, GH706, GH907, GH163, GH188, GH605, GH141, GH708, GH648, GH698, GH2150, GH696, GH783, Incoel718, Incoel625, C263, GH4065A, GH4169G, GH909, GH378, U720Li, GH4169D, GH4145, GH3230, GH4742, GH4065A, GH4251, GH4198, GH4586...<\/td>\r\n    <\/tr>\r\n    <tr>\r\n      <td style=\"padding: 12px 15px; border: 1px solid #ddd;\">Leghe per la metallurgia delle polveri<\/td>\r\n      <td style=\"padding: 12px 15px; border: 1px solid #ddd;\">FGH96, FGH99, FGH101<\/td>\r\n    <\/tr>\r\n    <tr>\r\n      <td style=\"padding: 12px 15px; border: 1px solid #ddd;\">Leghe di ferro<\/td>\r\n      <td style=\"padding: 12px 15px; border: 1px solid #ddd;\">TA2, TA12A, TA15, TA19, TC1, TC2, TC4, TC4* (grado speciale), TC6, TC8, TC11, TC17, TC18, TC19, TC21, TC27, BT25, Ti250, Ti300, Ti400, Ti450, Ti500, Ti550, Ti60, Ti1023, Ti1033, Ti1300, TC8-1, Ti150, Ti180, Ti175...<\/td>\r\n    <\/tr>\r\n    <tr>\r\n      <td style=\"padding: 12px 15px; border: 1px solid #ddd;\">Acciaio speciale<\/td>\r\n      <td style=\"padding: 12px 15px; border: 1px solid #ddd;\">300M, AerMet100, 1Cr11Ni2WMoVNb, 0Cr11Ni2MoVNb, 1Cr18Ni9Ti, 40CrNiMoA, 42CrMo, S\/SJ2, S\/SAV, S\/STV, C250, C300, 6308, D406A, 40CrNi2MoE, 15CrMo, Monel K500, C61...<\/td>\r\n    <\/tr>\r\n  <\/tbody>\r\n<\/table>\t\t\t\t<\/div>\n\t\t\t\t\t<\/div>\n\t\t\t\t<\/div>\n\t\t<div class=\"elementor-element elementor-element-ff82029 wd-section-stretch e-flex e-con-boxed e-con e-parent\" data-id=\"ff82029\" data-element_type=\"container\" data-settings=\"{&quot;background_background&quot;:&quot;classic&quot;}\">\n\t\t\t\t\t<div class=\"e-con-inner\">\n\t\t\t\t<div class=\"elementor-element elementor-element-3dc70fb e-n-tabs-mobile elementor-widget elementor-widget-n-tabs\" data-id=\"3dc70fb\" data-element_type=\"widget\" data-widget_type=\"nested-tabs.default\">\n\t\t\t\t\t\t\t<div class=\"e-n-tabs\" data-widget-number=\"64778491\" aria-label=\"Onglets. Ouvrez des \u00e9l\u00e9ments avec Enter ou Space, fermez-les avec Escape et naviguez \u00e0 l&#039;aide des touches fl\u00e9ch\u00e9es.\" data-no-translation-aria-label=\"\">\n\t\t\t<div class=\"e-n-tabs-heading\" role=\"tablist\">\n\t\t\t\t\t<button id=\"e-n-tab-title-647784911\" class=\"e-n-tab-title\" aria-selected=\"true\" data-tab-index=\"1\" role=\"tab\" tabindex=\"0\" aria-controls=\"e-n-tab-content-647784911\" style=\"--n-tabs-title-order: 1;\">\n\t\t\t\t\t\t<span class=\"e-n-tab-title-text\">\n\t\t\t\tAerospaziale\t\t\t<\/span>\n\t\t<\/button>\n\t\t\t\t<button id=\"e-n-tab-title-647784912\" class=\"e-n-tab-title\" aria-selected=\"false\" data-tab-index=\"2\" role=\"tab\" tabindex=\"-1\" aria-controls=\"e-n-tab-content-647784912\" style=\"--n-tabs-title-order: 2;\">\n\t\t\t\t\t\t<span class=\"e-n-tab-title-text\">\n\t\t\t\tRuote per turbine a gas\t\t\t<\/span>\n\t\t<\/button>\n\t\t\t\t<button id=\"e-n-tab-title-647784913\" class=\"e-n-tab-title\" aria-selected=\"false\" data-tab-index=\"3\" role=\"tab\" tabindex=\"-1\" aria-controls=\"e-n-tab-content-647784913\" style=\"--n-tabs-title-order: 3;\">\n\t\t\t\t\t\t<span class=\"e-n-tab-title-text\">\n\t\t\t\tCampo dell'energia nucleare\t\t\t<\/span>\n\t\t<\/button>\n\t\t\t\t<button id=\"e-n-tab-title-647784914\" class=\"e-n-tab-title\" aria-selected=\"false\" data-tab-index=\"4\" role=\"tab\" tabindex=\"-1\" aria-controls=\"e-n-tab-content-647784914\" style=\"--n-tabs-title-order: 4;\">\n\t\t\t\t\t\t<span class=\"e-n-tab-title-text\">\n\t\t\t\tMare e acque profonde\t\t\t<\/span>\n\t\t<\/button>\n\t\t\t\t\t<\/div>\n\t\t\t<div class=\"e-n-tabs-content\">\n\t\t\t\t<div id=\"e-n-tab-content-647784911\" role=\"tabpanel\" aria-labelledby=\"e-n-tab-title-647784911\" data-tab-index=\"1\" style=\"--n-tabs-title-order: 1;\" class=\"e-active elementor-element elementor-element-554cab2 e-con-full e-flex e-con e-child\" data-id=\"554cab2\" data-element_type=\"container\">\n\t\t<div class=\"wd-negative-gap elementor-element elementor-element-ca18074 e-flex e-con-boxed e-con e-child\" data-id=\"ca18074\" data-element_type=\"container\">\n\t\t\t\t\t<div class=\"e-con-inner\">\n\t\t\t\t<div class=\"elementor-element elementor-element-8445a3c elementor-widget__width-initial elementor-widget elementor-widget-wd_text_block\" data-id=\"8445a3c\" data-element_type=\"widget\" data-widget_type=\"wd_text_block.default\">\n\t\t\t\t<div class=\"elementor-widget-container\">\n\t\t\t\t\t\t\t<div class=\"wd-text-block reset-last-child text-left\">\n\t\t\t\n\t\t\t<table><tbody><tr><td><p><strong><b>Tipo di materiale<\/b><\/strong><\/p><\/td><td width=\"411\"><p><strong><b>Gradi<\/b><\/strong><\/p><\/td><\/tr><tr><td><p>Leghe per alte temperature<\/p><\/td><td width=\"411\"><p>GH1015, GH1016, GH2036, GH2132, GH2135, GH2036,<br \/>GH2136, GH3030, GH3039, GH3044,<br \/>GH3128, GH3337, GH4099, GH4169, GH4145,<br \/>GH4133 (GH4133B), GH4146, GH4698, GH605,<br \/>GH4090, GH4145, GH4099, GH728, GH733, U720Li,<br \/>GH4199, GH99, ecc.<\/p><\/td><\/tr><tr><td><p>Leghe per la metallurgia delle polveri<\/p><\/td><td width=\"411\"><p>FHH96,FGH99,FGH101<\/p><\/td><\/tr><tr><td><p>Leghe di titanio<\/p><\/td><td width=\"411\"><p>TC1, TC2, TC4, TA1, TA9, TB8, TC11, TC17, TGR, TCB, TC19, TC27,<br \/>TA15, TA16, Ti60, Ti62A, TCH2, TCA, TA - DTi, T55531,<br \/>T55511, T1100, T10102, SC11, ecc.<\/p><\/td><\/tr><tr><td><p>Acciaio inox e acciaio resistente al calore<\/p><\/td><td width=\"411\"><p>30CrMnSiA, AerMet100, 1Cr11Ni2W2MoV, 05Cr11Ni2MoVNb,<br \/>1Cr12Ni2WMoVNb, 4Cr12Ni8MnSi, 40CrNi2Si2MoVA,<br \/>15Cr14Co12Mo5Ni, 4004, 4Cr12Ni9W2, ecc.<\/p><\/td><\/tr><\/tbody><\/table>\n\t\t\t\t\t<\/div>\n\t\t\t\t\t\t<\/div>\n\t\t\t\t<\/div>\n\t\t\t\t\t<\/div>\n\t\t\t\t<\/div>\n\t\t\t\t<\/div>\n\t\t<div id=\"e-n-tab-content-647784912\" role=\"tabpanel\" aria-labelledby=\"e-n-tab-title-647784912\" data-tab-index=\"2\" style=\"--n-tabs-title-order: 2;\" class=\"elementor-element elementor-element-ec507ca e-con-full e-flex e-con e-child\" data-id=\"ec507ca\" data-element_type=\"container\">\n\t\t<div class=\"wd-negative-gap elementor-element elementor-element-a0841a6 e-flex e-con-boxed e-con e-child\" data-id=\"a0841a6\" data-element_type=\"container\">\n\t\t\t\t\t<div class=\"e-con-inner\">\n\t\t\t\t<div class=\"elementor-element elementor-element-bc557e7 elementor-widget__width-initial elementor-widget elementor-widget-wd_text_block\" data-id=\"bc557e7\" data-element_type=\"widget\" data-widget_type=\"wd_text_block.default\">\n\t\t\t\t<div class=\"elementor-widget-container\">\n\t\t\t\t\t\t\t<div class=\"wd-text-block reset-last-child text-left\">\n\t\t\t\n\t\t\t<table style=\"height: 209px;\" width=\"759\"><thead><tr><th>Tipo di materiale<\/th><th>Gradi<\/th><\/tr><\/thead><tbody><tr><td>Leghe per alte temperature<\/td><td>GH4169\u3001GH907\u3001GH738<br \/>GH3030\u3001GH3536\u3001GH3123\u3001GH3600\u3001GH3625\u3001GH4698\u3001<\/td><\/tr><tr><td>Leghe per la metallurgia delle polveri<\/td><td>FGH95\u3001FGH4095<\/td><\/tr><tr><td>Leghe di titanio<\/td><td>TC4\u3001TC11\u3001TC18\u3001TC17<\/td><\/tr><tr><td>Acciaio inox e acciaio resistente al calore<\/td><td>1Cr18Ni9Ti\u300112Cr1MoV\u300120Cr12NiMo\u3001<br \/>0Cr17Ni4Cu4Nb\u30011Cr12Ni3MoVNetc.<\/td><\/tr><tr><td>\u00a0<\/td><td>\u00a0<\/td><\/tr><\/tbody><\/table>\n\t\t\t\t\t<\/div>\n\t\t\t\t\t\t<\/div>\n\t\t\t\t<\/div>\n\t\t\t\t\t<\/div>\n\t\t\t\t<\/div>\n\t\t\t\t<\/div>\n\t\t<div id=\"e-n-tab-content-647784913\" role=\"tabpanel\" aria-labelledby=\"e-n-tab-title-647784913\" data-tab-index=\"3\" style=\"--n-tabs-title-order: 3;\" class=\"elementor-element elementor-element-44116f0 e-con-full e-flex e-con e-child\" data-id=\"44116f0\" data-element_type=\"container\">\n\t\t<div class=\"wd-negative-gap elementor-element elementor-element-9ce65d2 e-flex e-con-boxed e-con e-child\" data-id=\"9ce65d2\" data-element_type=\"container\">\n\t\t\t\t\t<div class=\"e-con-inner\">\n\t\t\t\t<div class=\"elementor-element elementor-element-ee2d503 elementor-widget__width-initial elementor-widget elementor-widget-wd_text_block\" data-id=\"ee2d503\" data-element_type=\"widget\" data-widget_type=\"wd_text_block.default\">\n\t\t\t\t<div class=\"elementor-widget-container\">\n\t\t\t\t\t\t\t<div class=\"wd-text-block reset-last-child text-left\">\n\t\t\t\n\t\t\t<table><tbody><tr><td><p><strong><b>Tipo di materiale<\/b><\/strong><\/p><\/td><td><p><strong><b>Gradi<\/b><\/strong><\/p><\/td><\/tr><tr><td><p>Leghe per alte temperature<\/p><\/td><td><p>GH2132\u3001GH4169\u3001 ecc.<\/p><\/td><\/tr><tr><td><p>Leghe per la metallurgia delle polveri<\/p><\/td><td><p>FHH96,FGH99,FGH101<\/p><\/td><\/tr><tr><td><p>Acciaio inox e acciaio resistente al calore<\/p><\/td><td><p>1Cr18Ni9Ti\u30011Cr12Ni3MoVN\u300110Cr9MoWVNbBN\u300110Cr9Mo1VNb \u300120MnMoNi55\u300116MnD\u3001SA508-III\u3001S32168\u3001S34779. etc.\u00a0<\/p><\/td><\/tr><\/tbody><\/table>\n\t\t\t\t\t<\/div>\n\t\t\t\t\t\t<\/div>\n\t\t\t\t<\/div>\n\t\t\t\t\t<\/div>\n\t\t\t\t<\/div>\n\t\t\t\t<\/div>\n\t\t<div class=\"wd-negative-gap  elementor-element elementor-element-f04c56c e-flex e-con-boxed e-con e-child\" id=\"e-n-tab-content-647784914\" role=\"tabpanel\" aria-labelledby=\"e-n-tab-title-647784914\" data-tab-index=\"4\" style=\"--n-tabs-title-order: 4;\" data-id=\"f04c56c\" data-element_type=\"container\">\n\t\t\t\t\t<div class=\"e-con-inner\">\n\t\t<div class=\"elementor-element elementor-element-5b6c723 e-con-full e-flex e-con e-child\" data-id=\"5b6c723\" data-element_type=\"container\">\n\t\t\t\t<div class=\"elementor-element elementor-element-8cc70ef elementor-widget elementor-widget-wd_text_block\" data-id=\"8cc70ef\" data-element_type=\"widget\" data-widget_type=\"wd_text_block.default\">\n\t\t\t\t<div class=\"elementor-widget-container\">\n\t\t\t\t\t\t\t<div class=\"wd-text-block reset-last-child text-left\">\n\t\t\t\n\t\t\t<table><tbody><tr><td><p><strong><b>Tipo di materiale<\/b><\/strong><\/p><\/td><td><p><strong><b>Gradi<\/b><\/strong><\/p><\/td><\/tr><tr><td><p>Leghe per la metallurgia delle polveri<\/p><\/td><td><p>FHH96,FGH99,FGH101<\/p><\/td><\/tr><tr><td><p>Leghe di titanio<\/p><\/td><td><p>Ti-6Al-4V\u3001Ti-6Al-2Sn-4Zr-6Mo\u3001TA15\u3001TB6\u3001TC11\u3001etc.<\/p><\/td><\/tr><tr><td><p>Acciaio inox e acciaio resistente al calore<\/p><\/td><td><p>S31608\u300100Cr22Ni5Mo3N, CF-3\u3001CF-8\u3001ZGCuNiAl\u3002etc.<\/p><\/td><\/tr><\/tbody><\/table>\n\t\t\t\t\t<\/div>\n\t\t\t\t\t\t<\/div>\n\t\t\t\t<\/div>\n\t\t\t\t<\/div>\n\t\t\t\t\t<\/div>\n\t\t\t\t<\/div>\n\t\t\t\t\t<\/div>\n\t\t<\/div>\n\t\t\t\t\t\t<\/div>\n\t\t\t\t\t<\/div>\n\t\t\t\t<\/div>\n\t\t\t\t<\/div>","protected":false},"excerpt":{"rendered":"<p>MATERIALS \u00a0 \u00a0 Development of New Forging Materials Material Type Material Grades High-Temperature Alloys GH3030, GH3044, GH2036, GH536, GH150, GH4133,<\/p>","protected":false},"author":1,"featured_media":0,"parent":0,"menu_order":0,"comment_status":"closed","ping_status":"closed","template":"","meta":{"footnotes":""},"class_list":["post-29166","page","type-page","status-publish","hentry"],"yoast_head":"<!-- This site is optimized with the Yoast SEO plugin v25.9 - https:\/\/yoast.com\/wordpress\/plugins\/seo\/ -->\n<title>Materials - AnForging<\/title>\n<meta name=\"robots\" content=\"index, follow, max-snippet:-1, max-image-preview:large, max-video-preview:-1\" \/>\n<link rel=\"canonical\" href=\"https:\/\/anforging.com\/it\/materials\/\" \/>\n<meta property=\"og:locale\" content=\"it_IT\" \/>\n<meta property=\"og:type\" content=\"article\" \/>\n<meta property=\"og:title\" content=\"Materials - AnForging\" \/>\n<meta property=\"og:description\" content=\"MATERIALS \u00a0 \u00a0 Development of New Forging Materials Material Type Material Grades High-Temperature Alloys GH3030, GH3044, GH2036, GH536, GH150, GH4133,\" \/>\n<meta property=\"og:url\" content=\"https:\/\/anforging.com\/it\/materials\/\" \/>\n<meta property=\"og:site_name\" content=\"AnForging\" \/>\n<meta property=\"article:modified_time\" content=\"2026-02-25T08:00:14+00:00\" \/>\n<meta name=\"twitter:card\" content=\"summary_large_image\" \/>\n<meta name=\"twitter:label1\" content=\"Tempo di lettura stimato\" \/>\n\t<meta name=\"twitter:data1\" content=\"1 minute\" \/>\n<script type=\"application\/ld+json\" class=\"yoast-schema-graph\">{\"@context\":\"https:\/\/schema.org\",\"@graph\":[{\"@type\":\"WebPage\",\"@id\":\"https:\/\/anforging.com\/materials\/\",\"url\":\"https:\/\/anforging.com\/materials\/\",\"name\":\"Materials - AnForging\",\"isPartOf\":{\"@id\":\"https:\/\/anforging.com\/pt\/#website\"},\"datePublished\":\"2025-08-15T09:07:50+00:00\",\"dateModified\":\"2026-02-25T08:00:14+00:00\",\"breadcrumb\":{\"@id\":\"https:\/\/anforging.com\/materials\/#breadcrumb\"},\"inLanguage\":\"it-IT\",\"potentialAction\":[{\"@type\":\"ReadAction\",\"target\":[\"https:\/\/anforging.com\/materials\/\"]}]},{\"@type\":\"BreadcrumbList\",\"@id\":\"https:\/\/anforging.com\/materials\/#breadcrumb\",\"itemListElement\":[{\"@type\":\"ListItem\",\"position\":1,\"name\":\"Home\",\"item\":\"https:\/\/anforging.com\/\"},{\"@type\":\"ListItem\",\"position\":2,\"name\":\"Materials\"}]},{\"@type\":\"WebSite\",\"@id\":\"https:\/\/anforging.com\/pt\/#website\",\"url\":\"https:\/\/anforging.com\/pt\/\",\"name\":\"AnForging\",\"description\":\"\",\"potentialAction\":[{\"@type\":\"SearchAction\",\"target\":{\"@type\":\"EntryPoint\",\"urlTemplate\":\"https:\/\/anforging.com\/pt\/?s={search_term_string}\"},\"query-input\":{\"@type\":\"PropertyValueSpecification\",\"valueRequired\":true,\"valueName\":\"search_term_string\"}}],\"inLanguage\":\"it-IT\"}]}<\/script>\n<!-- \/ Yoast SEO plugin. -->","yoast_head_json":{"title":"Materials - AnForging","robots":{"index":"index","follow":"follow","max-snippet":"max-snippet:-1","max-image-preview":"max-image-preview:large","max-video-preview":"max-video-preview:-1"},"canonical":"https:\/\/anforging.com\/it\/materials\/","og_locale":"it_IT","og_type":"article","og_title":"Materials - AnForging","og_description":"MATERIALS \u00a0 \u00a0 Development of New Forging Materials Material Type Material Grades High-Temperature Alloys GH3030, GH3044, GH2036, GH536, GH150, GH4133,","og_url":"https:\/\/anforging.com\/it\/materials\/","og_site_name":"AnForging","article_modified_time":"2026-02-25T08:00:14+00:00","twitter_card":"summary_large_image","twitter_misc":{"Tempo di lettura stimato":"1 minute"},"schema":{"@context":"https:\/\/schema.org","@graph":[{"@type":"WebPage","@id":"https:\/\/anforging.com\/materials\/","url":"https:\/\/anforging.com\/materials\/","name":"Materials - AnForging","isPartOf":{"@id":"https:\/\/anforging.com\/pt\/#website"},"datePublished":"2025-08-15T09:07:50+00:00","dateModified":"2026-02-25T08:00:14+00:00","breadcrumb":{"@id":"https:\/\/anforging.com\/materials\/#breadcrumb"},"inLanguage":"it-IT","potentialAction":[{"@type":"ReadAction","target":["https:\/\/anforging.com\/materials\/"]}]},{"@type":"BreadcrumbList","@id":"https:\/\/anforging.com\/materials\/#breadcrumb","itemListElement":[{"@type":"ListItem","position":1,"name":"Home","item":"https:\/\/anforging.com\/"},{"@type":"ListItem","position":2,"name":"Materials"}]},{"@type":"WebSite","@id":"https:\/\/anforging.com\/pt\/#website","url":"https:\/\/anforging.com\/pt\/","name":"AnFormazione","description":"","potentialAction":[{"@type":"SearchAction","target":{"@type":"EntryPoint","urlTemplate":"https:\/\/anforging.com\/pt\/?s={search_term_string}"},"query-input":{"@type":"PropertyValueSpecification","valueRequired":true,"valueName":"search_term_string"}}],"inLanguage":"it-IT"}]}},"_links":{"self":[{"href":"https:\/\/anforging.com\/it\/wp-json\/wp\/v2\/pages\/29166","targetHints":{"allow":["GET"]}}],"collection":[{"href":"https:\/\/anforging.com\/it\/wp-json\/wp\/v2\/pages"}],"about":[{"href":"https:\/\/anforging.com\/it\/wp-json\/wp\/v2\/types\/page"}],"author":[{"embeddable":true,"href":"https:\/\/anforging.com\/it\/wp-json\/wp\/v2\/users\/1"}],"replies":[{"embeddable":true,"href":"https:\/\/anforging.com\/it\/wp-json\/wp\/v2\/comments?post=29166"}],"version-history":[{"count":39,"href":"https:\/\/anforging.com\/it\/wp-json\/wp\/v2\/pages\/29166\/revisions"}],"predecessor-version":[{"id":29666,"href":"https:\/\/anforging.com\/it\/wp-json\/wp\/v2\/pages\/29166\/revisions\/29666"}],"wp:attachment":[{"href":"https:\/\/anforging.com\/it\/wp-json\/wp\/v2\/media?parent=29166"}],"curies":[{"name":"wp","href":"https:\/\/api.w.org\/{rel}","templated":true}]}}